{"id":358,"date":"2020-06-20T11:23:37","date_gmt":"2020-06-20T09:23:37","guid":{"rendered":"http:\/\/www.dk-sport.at\/?page_id=358"},"modified":"2022-09-01T08:18:56","modified_gmt":"2022-09-01T06:18:56","slug":"impressum","status":"publish","type":"page","link":"https:\/\/www.dk-sport.at\/?page_id=358","title":{"rendered":"Impressum"},"content":{"rendered":"\n<p>DK Sport<br>Mag. Evelyn Dreier-Koch, Bakk.<br>Mag. Viktoria Koch, Bakk.<\/p>\n\n\n\n<p>Sitz:<br>2000 Stockerau<br>Ludwig Laabstr. 6\/4<br>Tel: +43 699 173 173 15<\/p>\n\n\n\n<p>E-Mail: <a href=\"http:\/\/www.dk-sport.at\/office@dk-sport.at\">office@dk-sport.at<\/a><\/p>\n\n\n\n<p>Mitglied der \u00d6WR-N\u00d6 \/ Abschnittsgruppe Stockerau<\/p>\n\n\n\n<h3 class=\"wp-block-heading\">Datenschutz<\/h3>\n\n\n\n<p>Soweit auf unseren Seiten personenbezogene Daten (beispielsweise Name, Anschrift oder eMail-Adressen) erhoben werden, erfolgt dies soweit m\u00f6glich stets auf freiwilliger Basis.<\/p>\n\n\n\n<p>Die Nutzung der Angebote und Dienste ist, soweit m\u00f6glich, stets ohne Angabe personenbezogener Daten m\u00f6glich. Der Nutzung von im Rahmen der Impressumspflicht ver\u00f6ffentlichten Kontaktdaten durch Dritte zur \u00dcbersendung von nicht ausdr\u00fccklich angeforderter Werbung und Informationsmaterialien wird hiermit ausdr\u00fccklich widersprochen.<\/p>\n\n\n\n<p>Die Betreiber der Seiten behalten sich ausdr\u00fccklich rechtliche Schritte im Falle der unverlangten Zusendung von Werbeinformationen, etwa durch Spam-Mails, vor.<\/p>\n\n\n\n<h3 class=\"wp-block-heading\">Web Analyse<\/h3>\n\n\n\n<p>Unsere Website verwendet Funktionen des Webanalysedienstes Slimstat Analytics (<a rel=\"noreferrer noopener\" href=\"https:\/\/wordpress.org\/plugins\/wp-slimstat\" target=\"_blank\">https:\/\/wordpress.org\/plugins\/wp-slimstat<\/a>). Dazu werden Cookies verwendet, die eine Analyse der Benutzung unserer Website durch ihre Benutzer erm\u00f6glichen. Die dadurch erzeugten Informationen werden auf unserem Server gespeichert und nicht an Dritte \u00fcbertragen. Dabei werden keinerlei personenbezogene Daten erfasst. IP-Adressen werden umgehend pseudonymisiert. Dadurch ist nur eine grobe Lokalisierung m\u00f6glich. Sie k\u00f6nnen Ihren Browser so einrichten, dass keine Cookies gespeichert werden. Slimstat arbeitet in \u00dcbereinstimmung mit den europ\u00e4ischen Datenschutzrichtlinien.<\/p>\n\n\n\n<h3 class=\"wp-block-heading\">Haftung f\u00fcr Links<\/h3>\n\n\n\n<p>Diese Homepage enth\u00e4lt Links zu externen Webseiten Dritter, auf deren Inhalte wir keinen Einfluss haben.<\/p>\n\n\n\n<p>Deshalb k\u00f6nnen wir f\u00fcr diese fremden Inhalte auch keine Gew\u00e4hr \u00fcbernehmen. F\u00fcr die Inhalte der verlinkten Seiten ist stets der jeweilige Anbieter oder Betreiber der Seiten verantwortlich. Die verlinkten Seiten wurden zum Zeitpunkt der Verlinkung auf m\u00f6gliche Rechtsverst\u00f6\u00dfe \u00fcberpr\u00fcft. Rechtswidrige Inhalte waren zum Zeitpunkt der Verlinkung nicht erkennbar.<\/p>\n\n\n\n<p>Eine permanente inhaltliche Kontrolle der verlinkten Seiten ist jedoch ohne konkrete Anhaltspunkte einer Rechtsverletzung nicht zumutbar. Bei bekannt werden von Rechtsverletzungen werden wir derartige Links umgehend entfernen.<\/p>\n\n\n\n<h3 class=\"wp-block-heading\">Informationspflicht lt. Mediengesetz<\/h3>\n","protected":false},"excerpt":{"rendered":"<p>DK SportMag. Evelyn Dreier-Koch, Bakk.Mag. Viktoria Koch, Bakk. Sitz:2000 StockerauLudwig Laabstr. 6\/4Tel: +43 699 173 173 15 E-Mail: office@dk-sport.at Mitglied der \u00d6WR-N\u00d6 \/ Abschnittsgruppe Stockerau Datenschutz Soweit auf unseren Seiten<\/p>\n","protected":false},"author":1,"featured_media":0,"parent":0,"menu_order":0,"comment_status":"closed","ping_status":"closed","template":"","meta":{"footnotes":""},"class_list":{"1":"page","2":"type-page","3":"status-publish","4":"hentry"},"_links":{"self":[{"href":"https:\/\/www.dk-sport.at\/index.php?rest_route=\/wp\/v2\/pages\/358","targetHints":{"allow":["GET"]}}],"collection":[{"href":"https:\/\/www.dk-sport.at\/index.php?rest_route=\/wp\/v2\/pages"}],"about":[{"href":"https:\/\/www.dk-sport.at\/index.php?rest_route=\/wp\/v2\/types\/page"}],"author":[{"embeddable":true,"href":"https:\/\/www.dk-sport.at\/index.php?rest_route=\/wp\/v2\/users\/1"}],"replies":[{"embeddable":true,"href":"https:\/\/www.dk-sport.at\/index.php?rest_route=%2Fwp%2Fv2%2Fcomments&post=358"}],"version-history":[{"count":6,"href":"https:\/\/www.dk-sport.at\/index.php?rest_route=\/wp\/v2\/pages\/358\/revisions"}],"predecessor-version":[{"id":399,"href":"https:\/\/www.dk-sport.at\/index.php?rest_route=\/wp\/v2\/pages\/358\/revisions\/399"}],"wp:attachment":[{"href":"https:\/\/www.dk-sport.at\/index.php?rest_route=%2Fwp%2Fv2%2Fmedia&parent=358"}],"curies":[{"name":"wp","href":"https:\/\/api.w.org\/{rel}","templated":true}]}}